{"id":45,"date":"2022-02-11T12:37:55","date_gmt":"2022-02-11T11:37:55","guid":{"rendered":"https:\/\/web-f22.enterpriselab.ch\/~isa_m18_user08\/blog\/?page_id=45"},"modified":"2025-11-26T12:04:52","modified_gmt":"2025-11-26T12:04:52","slug":"about","status":"publish","type":"page","link":"https:\/\/tamaramaxine.ch\/?page_id=45","title":{"rendered":"About"},"content":{"rendered":"\n<div class=\"wp-block-group\"><div class=\"wp-block-group__inner-container is-layout-flow wp-block-group-is-layout-flow\">\n<div class=\"wp-block-columns is-layout-flex wp-container-core-columns-is-layout-9d6595d7 wp-block-columns-is-layout-flex\">\n<div class=\"wp-block-column is-vertically-aligned-center is-layout-flow wp-block-column-is-layout-flow\" style=\"flex-basis:100%\">\n<div class=\"wp-block-group alignwide\"><div class=\"wp-block-group__inner-container is-layout-flow wp-block-group-is-layout-flow\">\n<div class=\"wp-block-media-text alignwide is-stacked-on-mobile is-vertically-aligned-bottom\" style=\"grid-template-columns:22% auto\"><figure class=\"wp-block-media-text__media\"><img loading=\"lazy\" decoding=\"async\" width=\"853\" height=\"1024\" src=\"https:\/\/tamaramaxine.ch\/wp-content\/uploads\/2024\/04\/Portrait_TM_24-2-853x1024.jpg\" alt=\"\" class=\"wp-image-988 size-full\" srcset=\"https:\/\/tamaramaxine.ch\/wp-content\/uploads\/2024\/04\/Portrait_TM_24-2-853x1024.jpg 853w, https:\/\/tamaramaxine.ch\/wp-content\/uploads\/2024\/04\/Portrait_TM_24-2-250x300.jpg 250w, https:\/\/tamaramaxine.ch\/wp-content\/uploads\/2024\/04\/Portrait_TM_24-2-768x922.jpg 768w, https:\/\/tamaramaxine.ch\/wp-content\/uploads\/2024\/04\/Portrait_TM_24-2.jpg 1116w\" sizes=\"auto, (max-width: 853px) 100vw, 853px\" \/><\/figure><div class=\"wp-block-media-text__content\">\n<h2 class=\"wp-block-heading\"><strong>Tamara Maxine<\/strong> Fr\u00fch<\/h2>\n<\/div><\/div>\n<\/div><\/div>\n<\/div>\n<\/div>\n<\/div><\/div>\n\n\n\n<p><\/p>\n\n\n\n<p class=\"has-text-align-left\">In meiner k\u00fcnstlerischen Praxis besch\u00e4ftige ich mich mit <strong>skulpturalen Installationen, Performance und Malerei<\/strong>. Im Zentrum meiner aktuellen Arbeiten steht die Auseinandersetzung mit inneren Br\u00fcchen, Rissen, Erfahrungen und pr\u00e4genden Momenten.<\/p>\n\n\n\n<p>Meine Installationen er\u00f6ffnen multisensorische Erfahrungsr\u00e4ume, in denen Material, K\u00f6rper und Atmosph\u00e4re miteinander verwoben werden. Dabei entstehen Resonanzk\u00f6rper, die vergangene Erfahrungen als H\u00fcllen sichtbar machen. Diese H\u00fcllen nenne ich <strong>Exuviae, Geister der Zeit<\/strong>. Sie befinden sich stets um uns, umkreisen und beeinflussen das aktuelle Ich. <\/p>\n\n\n\n<p>Mich interessiert dabei nach wie vor, wie wir in einer vielschichtigen, pluralen Gesellschaft wieder mehr Verbindung zueinander herstellen k\u00f6nnen. Meiner Meinung nach ist es essenziell, Strategien zu finden, wie wir mehr Resonanz, Empathie und Verbindung zu anderen Menschen aufbauen k\u00f6nnen. Dabei schlage ich vor, dass die Auseinandersetzung mit dem eigenen Inneren und der Austausch dar\u00fcber mit anderen Menschen der Schl\u00fcssel zu dieser Verbindung sein kann.<\/p>\n\n\n\n<p>In den Performances setze ich den Tanzk\u00f6rper als Archiv, Medium und relationales Werkzeug ein. Bewegung wird in meiner Arbeit zum forschenden Akt, der die Beziehung zwischen Tanzk\u00f6rper, Raum, Installation und Zuschauer*innen aktiviert. <\/p>\n\n\n\n<p class=\"has-text-align-left\">Parallel dazu bleibt die Malerei ein wesentliches Feld meiner k\u00fcnstlerischen Forschung. Sie dient mir als stille Erweiterung der performativen und r\u00e4umlichen Arbeiten. Sie ist ein Ort, an dem innere Bilder neu verhandelt werden.<\/p>\n\n\n\n<p><\/p>\n","protected":false},"excerpt":{"rendered":"<p>Tamara Maxine Fr\u00fch In meiner k\u00fcnstlerischen Praxis besch\u00e4ftige ich mich mit skulpturalen Installationen, Performance und Malerei. Im Zentrum meiner aktuellen Arbeiten steht die Auseinandersetzung mit [&hellip;]<\/p>\n","protected":false},"author":1,"featured_media":0,"parent":0,"menu_order":0,"comment_status":"closed","ping_status":"closed","template":"","meta":{"footnotes":""},"class_list":["post-45","page","type-page","status-publish","hentry"],"_links":{"self":[{"href":"https:\/\/tamaramaxine.ch\/index.php?rest_route=\/wp\/v2\/pages\/45","targetHints":{"allow":["GET"]}}],"collection":[{"href":"https:\/\/tamaramaxine.ch\/index.php?rest_route=\/wp\/v2\/pages"}],"about":[{"href":"https:\/\/tamaramaxine.ch\/index.php?rest_route=\/wp\/v2\/types\/page"}],"author":[{"embeddable":true,"href":"https:\/\/tamaramaxine.ch\/index.php?rest_route=\/wp\/v2\/users\/1"}],"replies":[{"embeddable":true,"href":"https:\/\/tamaramaxine.ch\/index.php?rest_route=%2Fwp%2Fv2%2Fcomments&post=45"}],"version-history":[{"count":72,"href":"https:\/\/tamaramaxine.ch\/index.php?rest_route=\/wp\/v2\/pages\/45\/revisions"}],"predecessor-version":[{"id":1026,"href":"https:\/\/tamaramaxine.ch\/index.php?rest_route=\/wp\/v2\/pages\/45\/revisions\/1026"}],"wp:attachment":[{"href":"https:\/\/tamaramaxine.ch\/index.php?rest_route=%2Fwp%2Fv2%2Fmedia&parent=45"}],"curies":[{"name":"wp","href":"https:\/\/api.w.org\/{rel}","templated":true}]}}