{"id":111,"date":"2022-02-14T11:07:39","date_gmt":"2022-02-14T10:07:39","guid":{"rendered":"https:\/\/web-f22.enterpriselab.ch\/~isa_m18_user08\/blog\/?page_id=111"},"modified":"2025-06-02T15:05:03","modified_gmt":"2025-06-02T15:05:03","slug":"studio-visit","status":"publish","type":"page","link":"https:\/\/tamaramaxine.ch\/?page_id=111","title":{"rendered":"Studio Visit"},"content":{"rendered":"\n<hr class=\"wp-block-separator has-text-color has-shark-color has-alpha-channel-opacity has-shark-background-color has-background is-style-wide\"\/>\n\n\n\n<figure class=\"wp-block-gallery has-nested-images columns-default is-cropped wp-block-gallery-1 is-layout-flex wp-block-gallery-is-layout-flex\">\n<figure class=\"wp-block-image size-full\"><img loading=\"lazy\" decoding=\"async\" width=\"2560\" height=\"1920\" data-id=\"1018\" src=\"https:\/\/tamaramaxine.ch\/wp-content\/uploads\/2025\/06\/Green-Eyes-2-scaled.jpg\" alt=\"\" class=\"wp-image-1018\" srcset=\"https:\/\/tamaramaxine.ch\/wp-content\/uploads\/2025\/06\/Green-Eyes-2-scaled.jpg 2560w, https:\/\/tamaramaxine.ch\/wp-content\/uploads\/2025\/06\/Green-Eyes-2-300x225.jpg 300w\" sizes=\"auto, (max-width: 2560px) 100vw, 2560px\" \/><\/figure>\n\n\n\n<figure class=\"wp-block-image size-large\"><img loading=\"lazy\" decoding=\"async\" width=\"1920\" height=\"2560\" data-id=\"1021\" src=\"https:\/\/tamaramaxine.ch\/wp-content\/uploads\/2025\/06\/IMG_0903-scaled.jpeg\" alt=\"\" class=\"wp-image-1021\" srcset=\"https:\/\/tamaramaxine.ch\/wp-content\/uploads\/2025\/06\/IMG_0903-scaled.jpeg 1920w, https:\/\/tamaramaxine.ch\/wp-content\/uploads\/2025\/06\/IMG_0903-225x300.jpeg 225w\" sizes=\"auto, (max-width: 1920px) 100vw, 1920px\" \/><\/figure>\n\n\n\n<figure class=\"wp-block-image size-large\"><img loading=\"lazy\" decoding=\"async\" width=\"1024\" height=\"768\" data-id=\"1019\" src=\"https:\/\/tamaramaxine.ch\/wp-content\/uploads\/2025\/06\/Green-Eyes-1024x768.jpg\" alt=\"\" class=\"wp-image-1019\" srcset=\"https:\/\/tamaramaxine.ch\/wp-content\/uploads\/2025\/06\/Green-Eyes-1024x768.jpg 1024w, https:\/\/tamaramaxine.ch\/wp-content\/uploads\/2025\/06\/Green-Eyes-300x225.jpg 300w, https:\/\/tamaramaxine.ch\/wp-content\/uploads\/2025\/06\/Green-Eyes-768x576.jpg 768w, https:\/\/tamaramaxine.ch\/wp-content\/uploads\/2025\/06\/Green-Eyes-1536x1152.jpg 1536w, https:\/\/tamaramaxine.ch\/wp-content\/uploads\/2025\/06\/Green-Eyes-2048x1536.jpg 2048w\" sizes=\"auto, (max-width: 1024px) 100vw, 1024px\" \/><\/figure>\n\n\n\n<figure class=\"wp-block-image size-large\"><img loading=\"lazy\" decoding=\"async\" width=\"768\" height=\"1024\" data-id=\"1022\" src=\"https:\/\/tamaramaxine.ch\/wp-content\/uploads\/2025\/06\/IMG_0910-768x1024.jpeg\" alt=\"\" class=\"wp-image-1022\" srcset=\"https:\/\/tamaramaxine.ch\/wp-content\/uploads\/2025\/06\/IMG_0910-768x1024.jpeg 768w, https:\/\/tamaramaxine.ch\/wp-content\/uploads\/2025\/06\/IMG_0910-225x300.jpeg 225w, https:\/\/tamaramaxine.ch\/wp-content\/uploads\/2025\/06\/IMG_0910-1152x1536.jpeg 1152w, https:\/\/tamaramaxine.ch\/wp-content\/uploads\/2025\/06\/IMG_0910-1536x2048.jpeg 1536w, https:\/\/tamaramaxine.ch\/wp-content\/uploads\/2025\/06\/IMG_0910-600x800.jpeg 600w, https:\/\/tamaramaxine.ch\/wp-content\/uploads\/2025\/06\/IMG_0910-scaled.jpeg 1920w\" sizes=\"auto, (max-width: 768px) 100vw, 768px\" \/><\/figure>\n<\/figure>\n\n\n\n<hr class=\"wp-block-separator has-text-color has-shark-color has-alpha-channel-opacity has-shark-background-color has-background is-style-wide\"\/>\n\n\n\n<h4 class=\"wp-block-heading\">Silberring Herstellung 2024<\/h4>\n\n\n\n<figure class=\"wp-block-gallery has-nested-images columns-default is-cropped wp-block-gallery-2 is-layout-flex wp-block-gallery-is-layout-flex\">\n<figure class=\"wp-block-image size-large\"><img loading=\"lazy\" decoding=\"async\" width=\"1920\" height=\"2560\" data-id=\"959\" src=\"https:\/\/tamaramaxine.ch\/wp-content\/uploads\/2024\/02\/Wachs-3.jpg\" alt=\"\" class=\"wp-image-959\"\/><\/figure>\n\n\n\n<figure class=\"wp-block-image size-large\"><img loading=\"lazy\" decoding=\"async\" width=\"791\" height=\"1024\" data-id=\"961\" src=\"https:\/\/tamaramaxine.ch\/wp-content\/uploads\/2024\/02\/Wachsbaum-791x1024.jpg\" alt=\"\" class=\"wp-image-961\" srcset=\"https:\/\/tamaramaxine.ch\/wp-content\/uploads\/2024\/02\/Wachsbaum-791x1024.jpg 791w, https:\/\/tamaramaxine.ch\/wp-content\/uploads\/2024\/02\/Wachsbaum-232x300.jpg 232w, https:\/\/tamaramaxine.ch\/wp-content\/uploads\/2024\/02\/Wachsbaum.jpg 1920w\" sizes=\"auto, (max-width: 791px) 100vw, 791px\" \/><\/figure>\n\n\n\n<figure class=\"wp-block-image size-large\"><img loading=\"lazy\" decoding=\"async\" width=\"1002\" height=\"1403\" data-id=\"962\" src=\"https:\/\/tamaramaxine.ch\/wp-content\/uploads\/2024\/02\/Schleiffen1-edited.jpg\" alt=\"\" class=\"wp-image-962\" srcset=\"https:\/\/tamaramaxine.ch\/wp-content\/uploads\/2024\/02\/Schleiffen1-edited.jpg 1002w, https:\/\/tamaramaxine.ch\/wp-content\/uploads\/2024\/02\/Schleiffen1-edited-214x300.jpg 214w, https:\/\/tamaramaxine.ch\/wp-content\/uploads\/2024\/02\/Schleiffen1-edited-731x1024.jpg 731w, https:\/\/tamaramaxine.ch\/wp-content\/uploads\/2024\/02\/Schleiffen1-edited-768x1075.jpg 768w\" sizes=\"auto, (max-width: 1002px) 100vw, 1002px\" \/><\/figure>\n<\/figure>\n\n\n\n<p>Tamara Maxine, 2024, Wachsmodelle und Endverarbeitung<\/p>\n\n\n\n<hr class=\"wp-block-separator has-text-color has-shark-color has-alpha-channel-opacity has-shark-background-color has-background is-style-wide\"\/>\n\n\n\n<h4 class=\"wp-block-heading\">Prozessdokumentation Januar 2024<\/h4>\n\n\n\n<figure class=\"wp-block-video\"><video height=\"720\" style=\"aspect-ratio: 1280 \/ 720;\" width=\"1280\" controls src=\"https:\/\/tamaramaxine.ch\/wp-content\/uploads\/2024\/02\/Automatic.mp4\"><\/video><\/figure>\n\n\n\n<p>Tamara Maxine, au-del\u00e0 de l&#8217;horizon, mixed media, 200 x 150 cm, 2024<\/p>\n\n\n\n<hr class=\"wp-block-separator has-text-color has-shark-color has-alpha-channel-opacity has-shark-background-color has-background is-style-wide\"\/>\n\n\n\n<p><strong> Tamara Maxine <\/strong>2023, Exhibition View<\/p>\n\n\n\n<figure class=\"wp-block-gallery has-nested-images columns-default is-cropped wp-block-gallery-3 is-layout-flex wp-block-gallery-is-layout-flex\">\n<figure class=\"wp-block-image size-large\"><img loading=\"lazy\" decoding=\"async\" width=\"1024\" height=\"730\" data-id=\"955\" src=\"https:\/\/tamaramaxine.ch\/wp-content\/uploads\/2024\/02\/TMF_BA_Abschlussarbeit_Doku_11-1024x730.jpg\" alt=\"\" class=\"wp-image-955\" srcset=\"https:\/\/tamaramaxine.ch\/wp-content\/uploads\/2024\/02\/TMF_BA_Abschlussarbeit_Doku_11-1024x730.jpg 1024w, https:\/\/tamaramaxine.ch\/wp-content\/uploads\/2024\/02\/TMF_BA_Abschlussarbeit_Doku_11-300x214.jpg 300w, https:\/\/tamaramaxine.ch\/wp-content\/uploads\/2024\/02\/TMF_BA_Abschlussarbeit_Doku_11-768x547.jpg 768w, https:\/\/tamaramaxine.ch\/wp-content\/uploads\/2024\/02\/TMF_BA_Abschlussarbeit_Doku_11.jpg 1920w\" sizes=\"auto, (max-width: 1024px) 100vw, 1024px\" \/><\/figure>\n\n\n\n<figure class=\"wp-block-image size-large\"><img decoding=\"async\" data-id=\"954\" src=\"https:\/\/tamaramaxine.ch\/wp-content\/uploads\/2024\/02\/HarlekinLU_BA_Abschlussarbeit_Doku_9.jpg\" alt=\"\" class=\"wp-image-954\"\/><\/figure>\n<\/figure>\n\n\n\n<figure class=\"wp-block-gallery has-nested-images columns-default is-cropped wp-block-gallery-4 is-layout-flex wp-block-gallery-is-layout-flex\">\n<figure class=\"wp-block-image size-large\"><img decoding=\"async\" data-id=\"949\" src=\"https:\/\/tamaramaxine.ch\/wp-content\/uploads\/2024\/02\/HarlekinLU_BA_Abschlussarbeit_Doku_7.jpg\" alt=\"\" class=\"wp-image-949\"\/><\/figure>\n\n\n\n<figure class=\"wp-block-image size-large\"><img loading=\"lazy\" decoding=\"async\" width=\"1920\" height=\"2145\" data-id=\"951\" src=\"https:\/\/tamaramaxine.ch\/wp-content\/uploads\/2024\/02\/TMF_BA_Abschlussarbeit_Doku_14.jpg\" alt=\"\" class=\"wp-image-951\"\/><\/figure>\n<\/figure>\n\n\n\n<h4 class=\"wp-block-heading\"><\/h4>\n\n\n\n<hr class=\"wp-block-separator has-text-color has-shark-color has-css-opacity has-shark-background-color has-background is-style-wide\"\/>\n\n\n\n<h4 class=\"wp-block-heading\" style=\"font-size:25px\"><strong>Tamara Maxine, oT, 2022, Tonarbeiten glasiert, ca. 10 x 5 cm<\/strong><\/h4>\n\n\n\n<figure class=\"wp-block-image size-large\"><img loading=\"lazy\" decoding=\"async\" width=\"1024\" height=\"768\" src=\"https:\/\/tamaramaxine.ch\/wp-content\/uploads\/2022\/12\/FiguerliiGruppe-1024x768.jpg\" alt=\"\" class=\"wp-image-732\" srcset=\"https:\/\/tamaramaxine.ch\/wp-content\/uploads\/2022\/12\/FiguerliiGruppe-1024x768.jpg 1024w, https:\/\/tamaramaxine.ch\/wp-content\/uploads\/2022\/12\/FiguerliiGruppe-300x225.jpg 300w, https:\/\/tamaramaxine.ch\/wp-content\/uploads\/2022\/12\/FiguerliiGruppe-768x576.jpg 768w, https:\/\/tamaramaxine.ch\/wp-content\/uploads\/2022\/12\/FiguerliiGruppe-1536x1152.jpg 1536w, https:\/\/tamaramaxine.ch\/wp-content\/uploads\/2022\/12\/FiguerliiGruppe.jpg 1575w\" sizes=\"auto, (max-width: 1024px) 100vw, 1024px\" \/><\/figure>\n\n\n\n<hr class=\"wp-block-separator has-text-color has-emperor-color has-alpha-channel-opacity has-emperor-background-color has-background is-style-wide\"\/>\n\n\n\n<h4 class=\"wp-block-heading\"><strong>Tamara Maxine, oT, <strong>20<\/strong>22, Tonarbeit glasiert<\/strong>, 11 x 22 cm<\/h4>\n\n\n\n<figure class=\"wp-block-gallery has-nested-images columns-default is-cropped wp-block-gallery-5 is-layout-flex wp-block-gallery-is-layout-flex\">\n<figure class=\"wp-block-image size-large\"><img decoding=\"async\" data-id=\"542\" src=\"https:\/\/tamaramaxine.ch\/wp-content\/uploads\/2022\/04\/IMG_2233w.jpg\" alt=\"\" class=\"wp-image-542\"\/><\/figure>\n\n\n\n<figure class=\"wp-block-image size-large\"><img decoding=\"async\" data-id=\"541\" src=\"https:\/\/tamaramaxine.ch\/wp-content\/uploads\/2022\/04\/IMG_2231w.jpg\" alt=\"\" class=\"wp-image-541\"\/><\/figure>\n<\/figure>\n\n\n\n<hr class=\"wp-block-separator has-text-color has-shark-color has-css-opacity has-shark-background-color has-background is-style-wide\"\/>\n\n\n\n<h2 class=\"wp-block-heading\">K\u00f6rperraum <\/h2>\n\n\n\n<p>Von Pascal Bolzern (Video), Tamara Maxine Fr\u00fch (K++V), Jolanda Rechsteiner (K++V) und Ella Rocca (Video), aus dem interdisziplin\u00e4ren Modul \u201eGender as a tool\u201c.<\/p>\n\n\n\n<h4 class=\"wp-block-heading\"><a href=\"https:\/\/ida-genderasatool.kleio.com\/record\/work\/23\" target=\"_blank\" rel=\"noreferrer noopener\">Link zur Video- und Audio Arbeit<\/a><\/h4>\n\n\n\n<figure class=\"wp-block-gallery has-nested-images columns-default is-cropped wp-block-gallery-6 is-layout-flex wp-block-gallery-is-layout-flex\">\n<figure class=\"wp-block-image size-large\"><img loading=\"lazy\" decoding=\"async\" width=\"1780\" height=\"1000\" data-id=\"575\" src=\"https:\/\/tamaramaxine.ch\/wp-content\/uploads\/2022\/06\/Koerperraum2-1.png\" alt=\"\" class=\"wp-image-575\" srcset=\"https:\/\/tamaramaxine.ch\/wp-content\/uploads\/2022\/06\/Koerperraum2-1.png 1780w, https:\/\/tamaramaxine.ch\/wp-content\/uploads\/2022\/06\/Koerperraum2-1-300x169.png 300w, https:\/\/tamaramaxine.ch\/wp-content\/uploads\/2022\/06\/Koerperraum2-1-1024x575.png 1024w, https:\/\/tamaramaxine.ch\/wp-content\/uploads\/2022\/06\/Koerperraum2-1-768x431.png 768w, https:\/\/tamaramaxine.ch\/wp-content\/uploads\/2022\/06\/Koerperraum2-1-1536x863.png 1536w\" sizes=\"auto, (max-width: 1780px) 100vw, 1780px\" \/><\/figure>\n\n\n\n<figure class=\"wp-block-image size-large\"><img loading=\"lazy\" decoding=\"async\" width=\"1422\" height=\"800\" data-id=\"576\" src=\"https:\/\/tamaramaxine.ch\/wp-content\/uploads\/2022\/06\/Koerperraum3.png\" alt=\"\" class=\"wp-image-576\" srcset=\"https:\/\/tamaramaxine.ch\/wp-content\/uploads\/2022\/06\/Koerperraum3.png 1422w, https:\/\/tamaramaxine.ch\/wp-content\/uploads\/2022\/06\/Koerperraum3-300x169.png 300w, https:\/\/tamaramaxine.ch\/wp-content\/uploads\/2022\/06\/Koerperraum3-1024x576.png 1024w, https:\/\/tamaramaxine.ch\/wp-content\/uploads\/2022\/06\/Koerperraum3-768x432.png 768w\" sizes=\"auto, (max-width: 1422px) 100vw, 1422px\" \/><\/figure>\n\n\n\n<figure class=\"wp-block-image size-large\"><img loading=\"lazy\" decoding=\"async\" width=\"800\" height=\"450\" data-id=\"577\" src=\"https:\/\/tamaramaxine.ch\/wp-content\/uploads\/2022\/06\/Koerperraum4.png\" alt=\"\" class=\"wp-image-577\" srcset=\"https:\/\/tamaramaxine.ch\/wp-content\/uploads\/2022\/06\/Koerperraum4.png 800w, https:\/\/tamaramaxine.ch\/wp-content\/uploads\/2022\/06\/Koerperraum4-300x169.png 300w, https:\/\/tamaramaxine.ch\/wp-content\/uploads\/2022\/06\/Koerperraum4-768x432.png 768w\" sizes=\"auto, (max-width: 800px) 100vw, 800px\" \/><\/figure>\n\n\n\n<figure class=\"wp-block-image size-large\"><img loading=\"lazy\" decoding=\"async\" width=\"1422\" height=\"800\" data-id=\"578\" src=\"https:\/\/tamaramaxine.ch\/wp-content\/uploads\/2022\/06\/Koerperraum5.png\" alt=\"\" class=\"wp-image-578\" srcset=\"https:\/\/tamaramaxine.ch\/wp-content\/uploads\/2022\/06\/Koerperraum5.png 1422w, https:\/\/tamaramaxine.ch\/wp-content\/uploads\/2022\/06\/Koerperraum5-300x169.png 300w, https:\/\/tamaramaxine.ch\/wp-content\/uploads\/2022\/06\/Koerperraum5-1024x576.png 1024w, https:\/\/tamaramaxine.ch\/wp-content\/uploads\/2022\/06\/Koerperraum5-768x432.png 768w\" sizes=\"auto, (max-width: 1422px) 100vw, 1422px\" \/><\/figure>\n\n\n\n<figure class=\"wp-block-image size-large\"><img loading=\"lazy\" decoding=\"async\" width=\"1422\" height=\"800\" data-id=\"579\" src=\"https:\/\/tamaramaxine.ch\/wp-content\/uploads\/2022\/06\/Koerperraum6.png\" alt=\"\" class=\"wp-image-579\"\/><\/figure>\n\n\n\n<figure class=\"wp-block-image size-large\"><img loading=\"lazy\" decoding=\"async\" width=\"8000\" height=\"4500\" data-id=\"573\" src=\"https:\/\/tamaramaxine.ch\/wp-content\/uploads\/2022\/06\/Koerperraum1.png\" alt=\"\" class=\"wp-image-573\"\/><\/figure>\n<figcaption class=\"blocks-gallery-caption wp-element-caption\">Ausschnitte aus dem Video K\u00f6rperraum<\/figcaption><\/figure>\n\n\n\n<p><em>\u00ab<\/em><em>From the moment we are born, bodies are necessarily involved in a complex process of, in de Beauvoir\u2019s sense, becoming women and men [<\/em><em>\u2026]<\/em><em>.<\/em>\u00bb<em>Our bodies are not neutral:&nbsp;<\/em><em>\u00ab<\/em><em>we are (biologically) coded and (culturally) loaded with meanings and there is a distinction between the way we talk and make sense of these meanings in public and&nbsp; private context<\/em><em>s.<\/em>\u00bb<em><\/em><\/p>\n\n\n\n<p>\u00abFrom the moment we are born, bodies are necessarily involved in a complex process of, in de Beauvoir\u2019s sense, becoming women and men [\u2026].\u00bbOur bodies are not neutral: \u00abwe are (biologically) coded and (culturally) loaded with meanings and there is a distinction between the way we talk and make sense of these meanings in public and&nbsp; private contexts.\u00bb<\/p>\n\n\n\n<p>Diese Ausschnitte aus dem Buch \u00abEmbodied Performances\u00bb, von Beatrice Allegranti, sind Grundsteine f\u00fcr unser Projekt K\u00f6rperraum. K\u00f6rperraum ist eine Video-, Audioarbeit in der wir das Bewusstmachen des eigenen K\u00f6rpers durch Bewegungs\u00fcbungen thematisieren und dabei reflektieren, wie Erfahrungen \u00fcber unser K\u00f6rperwissen unser Verh\u00e4ltnis zu uns selbst und unserer Umwelt ver\u00e4ndert. Wir bringen unsere eigenen Erfahrungen mit, die wir mit unserem Gender und unserem K\u00f6rper erlebt haben. Diese Erlebnisse begleiten und schwingen mit, w\u00e4hrend wir uns bewegen (=embodiment), sie werden in den Bewegungs\u00fcbungen aufgegriffen oder verarbeitet.Mit dem K\u00f6rper Raum einnehmen und sich dabei wohlzuf\u00fchlen. Durch Bewegung und Tanz, neue eigene Bewegungsqualit\u00e4ten untersuchen. Die Komfortzone verlassen und das eigene Wohlergehen dabei ersp\u00fcren.&nbsp;<\/p>\n\n\n\n<hr class=\"wp-block-separator has-text-color has-shark-color has-alpha-channel-opacity has-shark-background-color has-background is-style-wide\"\/>\n\n\n\n<h2 class=\"wp-block-heading\" id=\"painting-at-night\">painting at night<\/h2>\n\n\n\n<figure class=\"wp-block-gallery has-nested-images columns-default is-cropped wp-block-gallery-7 is-layout-flex wp-block-gallery-is-layout-flex\">\n<figure class=\"wp-block-image size-large\"><img loading=\"lazy\" decoding=\"async\" width=\"1024\" height=\"413\" data-id=\"496\" src=\"https:\/\/tamaramaxine.ch\/wp-content\/uploads\/2022\/04\/atelierbynight-1024x413.jpg\" alt=\"\" class=\"wp-image-496\" srcset=\"https:\/\/tamaramaxine.ch\/wp-content\/uploads\/2022\/04\/atelierbynight-1024x413.jpg 1024w, https:\/\/tamaramaxine.ch\/wp-content\/uploads\/2022\/04\/atelierbynight-300x121.jpg 300w, https:\/\/tamaramaxine.ch\/wp-content\/uploads\/2022\/04\/atelierbynight-768x310.jpg 768w, https:\/\/tamaramaxine.ch\/wp-content\/uploads\/2022\/04\/atelierbynight-1536x619.jpg 1536w, https:\/\/tamaramaxine.ch\/wp-content\/uploads\/2022\/04\/atelierbynight.jpg 1969w\" sizes=\"auto, (max-width: 1024px) 100vw, 1024px\" \/><\/figure>\n<\/figure>\n\n\n\n<hr class=\"wp-block-separator has-text-color has-shark-color has-css-opacity has-shark-background-color has-background is-style-wide\"\/>\n\n\n\n<h2 class=\"wp-block-heading\" id=\"inspiration-direkt-hinter-dem-atelier-fenster\">Inspiration direkt hinter dem Atelier Fenster<\/h2>\n\n\n\n<figure class=\"wp-block-gallery has-nested-images columns-default is-cropped wp-block-gallery-8 is-layout-flex wp-block-gallery-is-layout-flex\">\n<figure class=\"wp-block-image size-full\"><img loading=\"lazy\" decoding=\"async\" width=\"567\" height=\"425\" data-id=\"498\" src=\"https:\/\/tamaramaxine.ch\/wp-content\/uploads\/2022\/04\/AusblickAtelier.jpg\" alt=\"\" class=\"wp-image-498\" srcset=\"https:\/\/tamaramaxine.ch\/wp-content\/uploads\/2022\/04\/AusblickAtelier.jpg 567w, https:\/\/tamaramaxine.ch\/wp-content\/uploads\/2022\/04\/AusblickAtelier-300x225.jpg 300w\" sizes=\"auto, (max-width: 567px) 100vw, 567px\" \/><\/figure>\n\n\n\n<figure class=\"wp-block-image size-large\"><img loading=\"lazy\" decoding=\"async\" width=\"1024\" height=\"767\" data-id=\"497\" src=\"https:\/\/tamaramaxine.ch\/wp-content\/uploads\/2022\/04\/AtelierAussicht2-1024x767.jpg\" alt=\"\" class=\"wp-image-497\" srcset=\"https:\/\/tamaramaxine.ch\/wp-content\/uploads\/2022\/04\/AtelierAussicht2-1024x767.jpg 1024w, https:\/\/tamaramaxine.ch\/wp-content\/uploads\/2022\/04\/AtelierAussicht2-300x225.jpg 300w, https:\/\/tamaramaxine.ch\/wp-content\/uploads\/2022\/04\/AtelierAussicht2-768x576.jpg 768w, https:\/\/tamaramaxine.ch\/wp-content\/uploads\/2022\/04\/AtelierAussicht2.jpg 1417w\" sizes=\"auto, (max-width: 1024px) 100vw, 1024px\" \/><\/figure>\n\n\n\n<figure class=\"wp-block-image size-large\"><img loading=\"lazy\" decoding=\"async\" width=\"1024\" height=\"847\" data-id=\"499\" src=\"https:\/\/tamaramaxine.ch\/wp-content\/uploads\/2022\/04\/Viscosibynight-1024x847.jpg\" alt=\"\" class=\"wp-image-499\" srcset=\"https:\/\/tamaramaxine.ch\/wp-content\/uploads\/2022\/04\/Viscosibynight-1024x847.jpg 1024w, https:\/\/tamaramaxine.ch\/wp-content\/uploads\/2022\/04\/Viscosibynight-300x248.jpg 300w, https:\/\/tamaramaxine.ch\/wp-content\/uploads\/2022\/04\/Viscosibynight-768x635.jpg 768w, https:\/\/tamaramaxine.ch\/wp-content\/uploads\/2022\/04\/Viscosibynight.jpg 1417w\" sizes=\"auto, (max-width: 1024px) 100vw, 1024px\" \/><\/figure>\n<\/figure>\n\n\n\n<hr class=\"wp-block-separator has-text-color has-shark-color has-css-opacity has-shark-background-color has-background is-style-wide\"\/>\n\n\n\n<h2 class=\"wp-block-heading\" id=\"linol-und-siebdruck-werkstatt\">Linol- und Siebdruck Werkstatt<\/h2>\n\n\n\n<figure class=\"wp-block-gallery has-nested-images columns-default is-cropped wp-block-gallery-9 is-layout-flex wp-block-gallery-is-layout-flex\">\n<figure class=\"wp-block-image size-large\"><img loading=\"lazy\" decoding=\"async\" width=\"1417\" height=\"1063\" data-id=\"501\" src=\"https:\/\/tamaramaxine.ch\/wp-content\/uploads\/2022\/04\/Siebdruckwerkstatt.jpg\" alt=\"\" class=\"wp-image-501\" srcset=\"https:\/\/tamaramaxine.ch\/wp-content\/uploads\/2022\/04\/Siebdruckwerkstatt.jpg 1417w, https:\/\/tamaramaxine.ch\/wp-content\/uploads\/2022\/04\/Siebdruckwerkstatt-300x225.jpg 300w, https:\/\/tamaramaxine.ch\/wp-content\/uploads\/2022\/04\/Siebdruckwerkstatt-1024x768.jpg 1024w, https:\/\/tamaramaxine.ch\/wp-content\/uploads\/2022\/04\/Siebdruckwerkstatt-768x576.jpg 768w\" sizes=\"auto, (max-width: 1417px) 100vw, 1417px\" \/><\/figure>\n\n\n\n<figure class=\"wp-block-image size-large\"><img loading=\"lazy\" decoding=\"async\" width=\"567\" height=\"425\" data-id=\"500\" src=\"https:\/\/tamaramaxine.ch\/wp-content\/uploads\/2022\/04\/Linoldruckwerkstatt2.jpg\" alt=\"\" class=\"wp-image-500\" srcset=\"https:\/\/tamaramaxine.ch\/wp-content\/uploads\/2022\/04\/Linoldruckwerkstatt2.jpg 567w, https:\/\/tamaramaxine.ch\/wp-content\/uploads\/2022\/04\/Linoldruckwerkstatt2-300x225.jpg 300w\" sizes=\"auto, (max-width: 567px) 100vw, 567px\" \/><\/figure>\n\n\n\n<figure class=\"wp-block-image size-large\"><img loading=\"lazy\" decoding=\"async\" width=\"1417\" height=\"1063\" data-id=\"502\" src=\"https:\/\/tamaramaxine.ch\/wp-content\/uploads\/2022\/04\/Siebdruckwerkstatt2.jpg\" alt=\"\" class=\"wp-image-502\" srcset=\"https:\/\/tamaramaxine.ch\/wp-content\/uploads\/2022\/04\/Siebdruckwerkstatt2.jpg 1417w, https:\/\/tamaramaxine.ch\/wp-content\/uploads\/2022\/04\/Siebdruckwerkstatt2-300x225.jpg 300w, https:\/\/tamaramaxine.ch\/wp-content\/uploads\/2022\/04\/Siebdruckwerkstatt2-1024x768.jpg 1024w, https:\/\/tamaramaxine.ch\/wp-content\/uploads\/2022\/04\/Siebdruckwerkstatt2-768x576.jpg 768w\" sizes=\"auto, (max-width: 1417px) 100vw, 1417px\" \/><\/figure>\n<\/figure>\n\n\n\n<hr class=\"wp-block-separator has-text-color has-shark-color has-css-opacity has-shark-background-color has-background is-style-wide\"\/>\n\n\n\n<hr class=\"wp-block-separator has-alpha-channel-opacity is-style-wide\"\/>\n\n\n\n<hr class=\"wp-block-separator has-alpha-channel-opacity is-style-wide\"\/>\n\n\n\n<div class=\"wp-block-group is-vertical is-layout-flex wp-container-core-group-is-layout-8cf370e7 wp-block-group-is-layout-flex\"><\/div>\n\n\n\n<hr class=\"wp-block-separator has-alpha-channel-opacity is-style-wide\"\/>\n\n\n\n<p><\/p>\n","protected":false},"excerpt":{"rendered":"<p>Silberring Herstellung 2024 Tamara Maxine, 2024, Wachsmodelle und Endverarbeitung Prozessdokumentation Januar 2024 Tamara Maxine, au-del\u00e0 de l&#8217;horizon, mixed media, 200 x 150 cm, 2024 Tamara [&hellip;]<\/p>\n","protected":false},"author":1,"featured_media":0,"parent":0,"menu_order":0,"comment_status":"closed","ping_status":"closed","template":"","meta":{"footnotes":""},"class_list":["post-111","page","type-page","status-publish","hentry"],"_links":{"self":[{"href":"https:\/\/tamaramaxine.ch\/index.php?rest_route=\/wp\/v2\/pages\/111","targetHints":{"allow":["GET"]}}],"collection":[{"href":"https:\/\/tamaramaxine.ch\/index.php?rest_route=\/wp\/v2\/pages"}],"about":[{"href":"https:\/\/tamaramaxine.ch\/index.php?rest_route=\/wp\/v2\/types\/page"}],"author":[{"embeddable":true,"href":"https:\/\/tamaramaxine.ch\/index.php?rest_route=\/wp\/v2\/users\/1"}],"replies":[{"embeddable":true,"href":"https:\/\/tamaramaxine.ch\/index.php?rest_route=%2Fwp%2Fv2%2Fcomments&post=111"}],"version-history":[{"count":49,"href":"https:\/\/tamaramaxine.ch\/index.php?rest_route=\/wp\/v2\/pages\/111\/revisions"}],"predecessor-version":[{"id":1023,"href":"https:\/\/tamaramaxine.ch\/index.php?rest_route=\/wp\/v2\/pages\/111\/revisions\/1023"}],"wp:attachment":[{"href":"https:\/\/tamaramaxine.ch\/index.php?rest_route=%2Fwp%2Fv2%2Fmedia&parent=111"}],"curies":[{"name":"wp","href":"https:\/\/api.w.org\/{rel}","templated":true}]}}